{"id":6,"date":"2011-02-25T18:31:19","date_gmt":"2011-02-25T17:31:19","guid":{"rendered":"http:\/\/djfoto.de\/julia\/?page_id=2"},"modified":"2023-03-23T10:37:12","modified_gmt":"2023-03-23T10:37:12","slug":"beispiel-seite","status":"publish","type":"page","link":"https:\/\/julia-dendl.de\/?page_id=6","title":{"rendered":"Biografie"},"content":{"rendered":"<p>Julia wurde im August 1999 in Landshut geboren und unterhielt bereits im Kindergartenalter als kleiner musikalischer Wirbelwind ihre Kameraden mit ihrem Mini-Keyboard.<\/p>\n<div class=\"page\" title=\"Page 1\">\n<div class=\"layoutArea\">\n<div class=\"column\">\n<p>Seit ihrem sechsten Lebensjahr erhielt sie Klavierunterricht und seit ihrem achten Lebensjahr erlernte sie im Rahmen der ersten Bl\u00e4serklasse der Grundschule Ergolding zus\u00e4tzlich das Instrument Querfl\u00f6te. Nach der Grundschule musizierte Julia mit ihrer Querfl\u00f6te im Ergoldinger Nachwuchsorchester und wurde anschlie\u00dfend Mitglied im sinfonischen Blasorchester Ergolding, wo sie mittlerweile auch die ehrenamtliche Rolle der stellvertretenden Dirigentin \u00fcbernimmt.<\/p>\n<p>Ihre theoretische musikalische Ausbildung erhielt sie, vom Jahre 2009 an, im Rahmen des musischen Zweigs am Gymnasium Seligenthal in Landshut, den sie im Juni 2017 mit dem Abitur erfolgreich abschlie\u00dfen konnte. W\u00e4hrend der Schulzeit erhielt sie im Rahmen des Begabtenf\u00f6rderungsprogramm der st\u00e4dtischen Musikschule Landshut Unterricht in den F\u00e4chern Geh\u00f6rbildung und Musiktheorie. Dieser Unterricht diente als Vorbereitung f\u00fcr die anstehenden Aufnahmepr\u00fcfungen. Neben der klassischen Musik in der Instrumentalausbildung entdeckte sie schon sehr fr\u00fch ihre Liebe zum Gesang und begleitet sich auch bereits seit jungen Jahren selbst am Klavier. Um ihre Stimme weiter auszubilden, besucht sie seit dem Jahr 2013 klassischen Gesangsunterricht.<\/p>\n<p>Seit\u00a0Oktober 2017 studierte Julia an der Universit\u00e4t Regensburg Lehramt Doppelfach Musik f\u00fcr Gymnasien, welches sie in Verbindung mit den beiden Bachelorstudieng\u00e4ngen Gesangsp\u00e4dagogik und Instrumentalp\u00e4dagogik Klavier an der Hochschule f\u00fcr katholische Kirchenmusik und Musikp\u00e4dagogik in den Jahren 2021 und 2022 erfolgreich absolviert hat. Gleich im Oktober 2021 startete Julia im Anschluss an ihr bestandenes Bachelorstudium das Masterstudium Gesangsp\u00e4dagogik an der Hfkm Regensburg.<\/p>\n<p>Um sich auch noch in ihrem anderen Interessengebiet sowohl stimmlich als auch instrumental weiterzubilden, begann Julia im Oktober 2022 das Masterstudium Neue Geistliche Musik, wo sie Unterricht in den F\u00e4chern Popgesang, Klavier, Gitarre oder Schlagzeug erh\u00e4lt.<\/p>\n<\/div>\n<\/div>\n<\/div>\n<p>Im Jahr 2015 wurde der gro\u00dfe Instrumentenhersteller Yamaha auf Julia aufmerksam und erm\u00f6glichte Julia mit ihren damals erst 15 Jahren auf der weltgr\u00f6\u00dften Musikmesse in Frankfurt auf der Yamaha Showb\u00fchne performen zu k\u00f6nnen.<\/p>\n<p>B\u00fchnenerfahrungen konnte sie schon ab dem f\u00fcnften Lebensjahr sammeln und ist durch mittlerweile viele Auftritte in der Heimatgemeinde und in der Umgebung bei weitem keine Unbekannte mehr. Julia\u00a0\u00fcberzeugte durch ihre instrumentale Vielseitigkeit und ihre herausragende Stimme bereits in mehreren Konzerten sowohl Solo, als auch mit gro\u00dfer Band. Sie engagiert sich in ihrer Heimatgemeinde f\u00fcr soziale Zwecke und stand hierf\u00fcr bereits 2014 und 2015 zu Gunsten der kleinen schwer erkrankten Marie und im Jahr 2018 zu Gunsten des Projekts <em>Herzenswunschkrankenwagen<\/em> des Malteser Hilfsdienst mit ihrer Band \u201eJulia &amp; friends\u201c vor jeweils voll besetztem Haus mit einem komplett abendf\u00fcllenden Konzertprogramm auf der B\u00fchne.<\/p>\n","protected":false},"excerpt":{"rendered":"<p>Julia wurde im August 1999 in Landshut geboren und unterhielt bereits im Kindergartenalter als kleiner musikalischer Wirbelwind ihre Kameraden mit ihrem Mini-Keyboard. Seit ihrem sechsten Lebensjahr erhielt sie Klavierunterricht und<a href=\"https:\/\/julia-dendl.de\/?page_id=6\" class=\"more-link\"><span class=\"readmore\">weiterlesen &#8230;<span class=\"screen-reader-text\">Biografie<\/span><\/span><\/a><\/p>\n","protected":false},"author":1,"featured_media":0,"parent":1218,"menu_order":0,"comment_status":"closed","ping_status":"closed","template":"","meta":{"footnotes":""},"class_list":["post-6","page","type-page","status-publish","hentry"],"_links":{"self":[{"href":"https:\/\/julia-dendl.de\/index.php?rest_route=\/wp\/v2\/pages\/6","targetHints":{"allow":["GET"]}}],"collection":[{"href":"https:\/\/julia-dendl.de\/index.php?rest_route=\/wp\/v2\/pages"}],"about":[{"href":"https:\/\/julia-dendl.de\/index.php?rest_route=\/wp\/v2\/types\/page"}],"author":[{"embeddable":true,"href":"https:\/\/julia-dendl.de\/index.php?rest_route=\/wp\/v2\/users\/1"}],"replies":[{"embeddable":true,"href":"https:\/\/julia-dendl.de\/index.php?rest_route=%2Fwp%2Fv2%2Fcomments&post=6"}],"version-history":[{"count":3,"href":"https:\/\/julia-dendl.de\/index.php?rest_route=\/wp\/v2\/pages\/6\/revisions"}],"predecessor-version":[{"id":1367,"href":"https:\/\/julia-dendl.de\/index.php?rest_route=\/wp\/v2\/pages\/6\/revisions\/1367"}],"up":[{"embeddable":true,"href":"https:\/\/julia-dendl.de\/index.php?rest_route=\/wp\/v2\/pages\/1218"}],"wp:attachment":[{"href":"https:\/\/julia-dendl.de\/index.php?rest_route=%2Fwp%2Fv2%2Fmedia&parent=6"}],"curies":[{"name":"wp","href":"https:\/\/api.w.org\/{rel}","templated":true}]}}