{"id":8,"date":"2011-02-26T09:58:11","date_gmt":"2011-02-26T08:58:11","guid":{"rendered":"http:\/\/djfoto.de\/julia\/?page_id=8"},"modified":"2023-01-29T15:24:03","modified_gmt":"2023-01-29T15:24:03","slug":"presse","status":"publish","type":"page","link":"https:\/\/julia-dendl.de\/?page_id=8","title":{"rendered":"Booking-Kontakt"},"content":{"rendered":"<table style=\"height: 456px;\" width=\"705\">\n<tbody>\n<tr>\n<td width=\"142\"><img loading=\"lazy\" decoding=\"async\" class=\"alignnone wp-image-1235 \" src=\"https:\/\/julia-dendl.de\/wp-content\/uploads\/2018\/03\/schlagerparade-150x150.jpg\" alt=\"Schlagerparade\" width=\"200\" height=\"200\" \/><\/td>\n<td width=\"20\"><\/td>\n<td width=\"154\"><strong>Ein Feuerwerk der sch\u00f6nsten Schlager der 60er &amp; 70er Jahre<br \/>\n<\/strong>Programmdauer 30\/60\/90 Minuten<strong><br \/>\n<\/strong>Holen Sie sich mit Caterina Valente, Lolita, Trude Herr und vielen anderen Evergreens wie &#8222;Steig in das Traumboot der Liebe&#8220;, &#8222;2 kleine Intaliener&#8220;, &#8222;Blue Bayou&#8220;, &#8222;Lady Sunshine&#8220;, wiederbelebte Erinnerungen an die Goldene Schlagerzeit auf Ihre Veranstaltung!<\/td>\n<\/tr>\n<tr>\n<td width=\"142\">\u00a0<img loading=\"lazy\" decoding=\"async\" class=\"alignnone wp-image-1240 \" src=\"http:\/\/zamspuin.de\/wp-content\/uploads\/2018\/03\/kirche_altar-150x150.jpg\" alt=\"\" width=\"200\" height=\"200\" \/><\/td>\n<td width=\"20\"><\/td>\n<td width=\"154\"><strong>Trauungen \/ Taufen<br \/>\n<\/strong>Titel &amp; Dauer nach Ihren W\u00fcnschen<strong><br \/>\n<\/strong>Holen Sie sich Ihre Wunschtitel zu Ihrem sch\u00f6nsten Tag in die Kirche oder ins Standesamt! Individuell nach Ihren W\u00fcnschen auf Sie zugeschnitten. Modern oder klassisch, nur Gesang oder mit Pianobegleitung, alles ist m\u00f6glich.<strong><br \/>\n<\/strong><\/td>\n<\/tr>\n<tr>\n<td width=\"142\">\u00a0<img loading=\"lazy\" decoding=\"async\" class=\"alignnone wp-image-1245\" src=\"https:\/\/julia-dendl.de\/wp-content\/uploads\/2018\/03\/klassik01-150x150.jpeg\" alt=\"\" width=\"200\" height=\"200\" \/><\/td>\n<td width=\"20\"><\/td>\n<td width=\"154\"><strong>\u00a0Klassische Musikabende<\/strong><\/td>\n<\/tr>\n<tr>\n<td width=\"142\">\u00a0<img loading=\"lazy\" decoding=\"async\" class=\"alignnone wp-image-1217\" src=\"https:\/\/julia-dendl.de\/wp-content\/uploads\/2018\/03\/cropped-benefiz_21112015-043-1-150x150.jpg\" alt=\"\" width=\"200\" height=\"200\" \/><\/td>\n<td width=\"20\"><\/td>\n<td width=\"154\">\u00a0<strong>Julia solo &amp; Piano<br \/>\n<\/strong>Sie w\u00fcnschen eine dezente Untermalung Ihrer Veranstaltung? Bar- &amp; Dinnermusik kombiniert mit Jazzstandards und Gesang. Julia bereichert Ihre Veranstaltung am Piano egal ob im kleinen Rahmen oder zum gro\u00dfen Firmenjubil\u00e4um.<\/td>\n<\/tr>\n<tr>\n<td width=\"142\">\u00a0<img loading=\"lazy\" decoding=\"async\" class=\"alignnone wp-image-1131\" src=\"https:\/\/julia-dendl.de\/wp-content\/uploads\/2017\/11\/band_musiknacht2017-150x150.jpg\" alt=\"\" width=\"200\" height=\"200\" \/><\/td>\n<td width=\"20\"><\/td>\n<td width=\"154\">\u00a0<strong>Julia &amp; friends Acoustic Combo<br \/>\n<\/strong>Bekannte Songs von gestern bis heute akustisch ausgearbeitet. Soul-, Jazz- und Popstandards von den Commodores \u00fcber Sinatra bis zu Adele, wir spielen viele bekannte Hits, die Sie und Ihre G\u00e4ste erfreuen. Egal ob kleine Gesellschaft oder gro\u00dfer Anlass, egal ob Indoor oder Open Air.<\/td>\n<\/tr>\n<\/tbody>\n<\/table>\n<p><strong>Bookinganfragen:<\/strong><br \/>\ne-mail: booking at julia-dendl.de<br \/>\nTel.: +49 151 11342633<\/p>\n","protected":false},"excerpt":{"rendered":"<p>Ein Feuerwerk der sch\u00f6nsten Schlager der 60er &amp; 70er Jahre Programmdauer 30\/60\/90 Minuten Holen Sie sich mit Caterina Valente, Lolita, Trude Herr und vielen anderen Evergreens wie &#8222;Steig in das<a href=\"https:\/\/julia-dendl.de\/?page_id=8\" class=\"more-link\"><span class=\"readmore\">weiterlesen &#8230;<span class=\"screen-reader-text\">Booking-Kontakt<\/span><\/span><\/a><\/p>\n","protected":false},"author":1,"featured_media":0,"parent":0,"menu_order":4,"comment_status":"closed","ping_status":"closed","template":"","meta":{"footnotes":""},"class_list":["post-8","page","type-page","status-publish","hentry"],"_links":{"self":[{"href":"https:\/\/julia-dendl.de\/index.php?rest_route=\/wp\/v2\/pages\/8","targetHints":{"allow":["GET"]}}],"collection":[{"href":"https:\/\/julia-dendl.de\/index.php?rest_route=\/wp\/v2\/pages"}],"about":[{"href":"https:\/\/julia-dendl.de\/index.php?rest_route=\/wp\/v2\/types\/page"}],"author":[{"embeddable":true,"href":"https:\/\/julia-dendl.de\/index.php?rest_route=\/wp\/v2\/users\/1"}],"replies":[{"embeddable":true,"href":"https:\/\/julia-dendl.de\/index.php?rest_route=%2Fwp%2Fv2%2Fcomments&post=8"}],"version-history":[{"count":1,"href":"https:\/\/julia-dendl.de\/index.php?rest_route=\/wp\/v2\/pages\/8\/revisions"}],"predecessor-version":[{"id":1360,"href":"https:\/\/julia-dendl.de\/index.php?rest_route=\/wp\/v2\/pages\/8\/revisions\/1360"}],"wp:attachment":[{"href":"https:\/\/julia-dendl.de\/index.php?rest_route=%2Fwp%2Fv2%2Fmedia&parent=8"}],"curies":[{"name":"wp","href":"https:\/\/api.w.org\/{rel}","templated":true}]}}